{"id":3230,"date":"2026-03-24T15:06:37","date_gmt":"2026-03-24T14:06:37","guid":{"rendered":"https:\/\/dodecaphonia.fr\/?page_id=3230"},"modified":"2026-03-24T18:03:34","modified_gmt":"2026-03-24T17:03:34","slug":"qui-sommes-nous","status":"publish","type":"page","link":"https:\/\/dodecaphonia.fr\/index.php\/qui-sommes-nous\/","title":{"rendered":"Qui sommes nous ?"},"content":{"rendered":"\n<p><em>Le Ch\u0153ur Mixte de Dardilly ou Ensemble Dodecaphonia est un ch\u0153ur reconnu, cr\u00e9\u00e9 par Henri Marchand qui l&rsquo;a dirig\u00e9 pendant de nombreuses ann\u00e9es.<\/em><\/p>\n\n\n\n<p>Nous sommes <em>sp\u00e9cialis\u00e9s dans la musique ancienne et&nbsp;baroque, domaine de pr\u00e9dilection de notre ch\u0153ur, avec quelques incursions plus contemporaines.<\/em><\/p>\n\n\n\n<p><em>Notre ch\u0153ur accueille en son sein toute personne motiv\u00e9e et d\u00e9sireuse de s\u2019investir dans le chant.<\/em> <em>Les choristes ne sont pas forc\u00e9ment&nbsp;lecteur&nbsp;de la musique, mais il est demand\u00e9&nbsp;\u00e0 chacun un travail personnel r\u00e9gulier, entre les r\u00e9p\u00e9titions.<\/em><\/p>\n\n\n\n<p>Nous r\u00e9alisons chaque ann\u00e9e plusieurs concerts o\u00f9 nous <em>interpr\u00e9tons des \u0153uvres de qualit\u00e9 avec des musiciens et solistes professionnels<\/em>, seuls ou en partenariat avec les <em>ch\u0153urs de Chaponost et Charbonni\u00e8res.<\/em><\/p>\n\n\n\n<p><em>Nous sommes actuellement au nombre de 39 (13 sopranes, 13 alti, 6 t\u00e9nors et 7 basses)<\/em><\/p>\n\n\n\n<p><em>Nous nous retrouvons tous les jeudis de 20h00 \u00e0 22h30, au Barriot sous la baguette de notre chef <strong>Vincent de Meester<\/strong>, accompagn\u00e9s au piano par <strong>Violeta Coutaz. <\/strong><\/em><\/p>\n\n\n<div class=\"wp-block-image\">\n<figure class=\"aligncenter size-full is-resized\"><img data-recalc-dims=\"1\" loading=\"lazy\" decoding=\"async\" width=\"625\" height=\"820\" data-attachment-id=\"1344\" data-permalink=\"https:\/\/dodecaphonia.fr\/?attachment_id=1344\" data-orig-file=\"https:\/\/i0.wp.com\/dodecaphonia.fr\/wp-content\/uploads\/2020\/09\/Vincent-de-Meester.jpg?fit=750%2C984&amp;ssl=1\" data-orig-size=\"750,984\" data-comments-opened=\"0\" data-image-meta=\"{&quot;aperture&quot;:&quot;0&quot;,&quot;credit&quot;:&quot;&quot;,&quot;camera&quot;:&quot;&quot;,&quot;caption&quot;:&quot;&quot;,&quot;created_timestamp&quot;:&quot;1597142442&quot;,&quot;copyright&quot;:&quot;&quot;,&quot;focal_length&quot;:&quot;0&quot;,&quot;iso&quot;:&quot;0&quot;,&quot;shutter_speed&quot;:&quot;0&quot;,&quot;title&quot;:&quot;&quot;,&quot;orientation&quot;:&quot;0&quot;}\" data-image-title=\"Vincent-de-Meester\" data-image-description=\"\" data-image-caption=\"\" data-large-file=\"https:\/\/i0.wp.com\/dodecaphonia.fr\/wp-content\/uploads\/2020\/09\/Vincent-de-Meester.jpg?fit=625%2C820&amp;ssl=1\" src=\"https:\/\/i0.wp.com\/dodecaphonia.fr\/wp-content\/uploads\/2020\/09\/Vincent-de-Meester.jpg?resize=625%2C820&#038;ssl=1\" alt=\"\" class=\"wp-image-1344\" style=\"width:210px;height:275px\" srcset=\"https:\/\/i0.wp.com\/dodecaphonia.fr\/wp-content\/uploads\/2020\/09\/Vincent-de-Meester.jpg?w=750&amp;ssl=1 750w, https:\/\/i0.wp.com\/dodecaphonia.fr\/wp-content\/uploads\/2020\/09\/Vincent-de-Meester.jpg?resize=229%2C300&amp;ssl=1 229w, https:\/\/i0.wp.com\/dodecaphonia.fr\/wp-content\/uploads\/2020\/09\/Vincent-de-Meester.jpg?resize=624%2C819&amp;ssl=1 624w\" sizes=\"auto, (max-width: 625px) 100vw, 625px\" \/><figcaption class=\"wp-element-caption\"><strong>Vincent de Meester<\/strong><br><strong>Chef de ch\u0153ur, chef de chant<\/strong><br><strong>Claveciniste<\/strong><\/figcaption><\/figure>\n<\/div>\n\n\n<p><strong>Vincent De Meester<\/strong>, notre chef depuis 2020, est dipl\u00f4m\u00e9 du CNSMD de Lyon en Clavecin et de l\u2019ENM de Villeurbanne en direction de ch\u0153ur. Il est chef de ch\u0153ur d&rsquo;ensembles en r\u00e9gion Lyonnaise, et anime \u00e9galement des stages de chant choral ou de musique ancienne. (Musique ancienne en Bourgogne romane, ateliers de musique ancienne de Cluny\u2026).<br>Il poursuit sa carri\u00e8re d&rsquo;instrumentiste au sein de l\u2019ensemble \u00ab\u00a0Esperluette et compagnie\u00a0\u00bb, et se produit r\u00e9guli\u00e8rement, assurant les parties de basse continue et interpr\u00e9tant des soli au clavecin.<br>Vincent enseigne et dirige \u00e0 Lyon au sein de la ma\u00eetrise fra\u00eechement recr\u00e9\u00e9e \u00ab\u00a0Les chanteurs de Saint Marc\u00a0\u00bb.<br>Ses qualit\u00e9s de musicologue et de chercheur sont \u00e9galement appr\u00e9ci\u00e9es : Les Universit\u00e9s Populaires d\u2019Aubenas, de Dieulefit et du Tricastin, ainsi que les biblioth\u00e8ques d\u00e9partementales de l&rsquo;Ain et de l&rsquo;Ard\u00e8che lui commandent des cycles de conf\u00e9rences sur l&rsquo;histoire de la musique et sur l&rsquo;op\u00e9ra.<\/p>\n\n\n\n<p class=\"has-text-align-center\"><\/p>\n\n\n<div class=\"wp-block-image is-resized is-style-default\">\n<figure class=\"aligncenter size-full\"><img data-recalc-dims=\"1\" loading=\"lazy\" decoding=\"async\" width=\"500\" height=\"667\" data-attachment-id=\"1697\" data-permalink=\"https:\/\/dodecaphonia.fr\/violeta-coutaz-2\/\" data-orig-file=\"https:\/\/i0.wp.com\/dodecaphonia.fr\/wp-content\/uploads\/2022\/02\/Violeta-Coutaz-edited-scaled-e1643757115567.jpg?fit=500%2C667&amp;ssl=1\" data-orig-size=\"500,667\" data-comments-opened=\"0\" data-image-meta=\"{&quot;aperture&quot;:&quot;1.8&quot;,&quot;credit&quot;:&quot;&quot;,&quot;camera&quot;:&quot;EML-L29&quot;,&quot;caption&quot;:&quot;&quot;,&quot;created_timestamp&quot;:&quot;1583593393&quot;,&quot;copyright&quot;:&quot;&quot;,&quot;focal_length&quot;:&quot;3.95&quot;,&quot;iso&quot;:&quot;100&quot;,&quot;shutter_speed&quot;:&quot;0.02&quot;,&quot;title&quot;:&quot;&quot;,&quot;orientation&quot;:&quot;0&quot;}\" data-image-title=\"Violeta-Coutaz\" data-image-description=\"\" data-image-caption=\"\" data-large-file=\"https:\/\/i0.wp.com\/dodecaphonia.fr\/wp-content\/uploads\/2022\/02\/Violeta-Coutaz-edited-scaled-e1643757115567.jpg?fit=500%2C667&amp;ssl=1\" src=\"https:\/\/i0.wp.com\/dodecaphonia.fr\/wp-content\/uploads\/2022\/02\/Violeta-Coutaz-edited-scaled-e1643757115567.jpg?resize=500%2C667&#038;ssl=1\" alt=\"\" class=\"wp-image-1697\" style=\"aspect-ratio:0.7496427483777263;width:244px;height:auto\"\/><\/figure>\n<\/div>\n\n\n<p id=\"Aller-sur-le-site-de-Violeta-Coutaz\">Pianiste, <strong>Violeta Coutaz<\/strong> a fait ses \u00e9tudes \u00e0 Vilnius, St P\u00e9tersbourg et Lyon. Form\u00e9e des CNSM de Lituanie et de Saint-P\u00e9tersbourg, elle s\u2019est ensuite perfectionn\u00e9e au Royal Academy of Music de Londres. Enseignante de la chaire de musique de chambre pendant dix ans au CNSM de Lituanie elle s\u2019est produite en concert en Lituanie, en Russie, au Panama, \u00e0 Cuba, au Japon, en Angleterre et en France en tant que soliste, avec diverses formations de musique de chambre et en tant qu\u2019accompagnatrice des chanteurs et des ch\u0153urs. Musicologue, elle est l\u2019auteur d\u2019\u00e9tudes sur Chostakovitch, Brahms et Tane\u00efev. Install\u00e9e \u00e0 Lyon, elle conjugue aujourd\u2019hui une carri\u00e8re de concertiste et de p\u00e9dagogue \u00e0 l\u2019\u00e9cole de musique de Dardilly.<\/p>\n\n\n\n<p id=\"Aller-sur-le-site-de-Violeta-Coutaz\">Pour acc\u00e9der au site de Violeta Coutaz, cliquez sur ce lien : <a href=\"http:\/\/violetacoutaz.com\/\" target=\"_blank\" rel=\"noreferrer noopener\">http:\/\/violetacoutaz.com\/<\/a><\/p>\n\n\n\n<p class=\"has-text-align-center\"><\/p>\n\n\n\n<p><\/p>\n","protected":false},"excerpt":{"rendered":"<p>Le Ch\u0153ur Mixte de Dardilly ou Ensemble Dodecaphonia est un ch\u0153ur reconnu, cr\u00e9\u00e9 par Henri Marchand qui l&rsquo;a dirig\u00e9 pendant de nombreuses ann\u00e9es. Nous sommes sp\u00e9cialis\u00e9s dans la musique ancienne et&nbsp;baroque, domaine de pr\u00e9dilection de notre ch\u0153ur, avec quelques incursions plus contemporaines. Notre ch\u0153ur accueille en son sein toute personne motiv\u00e9e et d\u00e9sireuse de s\u2019investir [&hellip;]<\/p>\n","protected":false},"author":2,"featured_media":0,"parent":0,"menu_order":0,"comment_status":"closed","ping_status":"closed","template":"","meta":{"footnotes":""},"class_list":["post-3230","page","type-page","status-publish","hentry"],"jetpack_sharing_enabled":true,"jetpack_shortlink":"https:\/\/wp.me\/P9p1x4-Q6","jetpack_likes_enabled":false,"jetpack-related-posts":[{"id":116,"url":"https:\/\/dodecaphonia.fr\/index.php\/le-repertoire\/","url_meta":{"origin":3230,"position":0},"title":"Le r\u00e9pertoire","author":"Pierre Brun","date":"25 juin 2017","format":false,"excerpt":"Vous trouverez ci-dessous l'historique de nos programmes et les affiches de nos concerts pass\u00e9s Nos concerts Mars 2026 - Concert Tzigane Le ch\u0153ur Dodecaphonia vous invite \u00e0 un apr\u00e8s-midi tzigane, autour d\u2019un programme inspir\u00e9 des traditions populaires.Le concert r\u00e9unit des \u0153uvres de Brahms, Jan\u00e1\u010dek et Schumann, dans des pages pour\u2026","rel":"","context":"Article similaire","block_context":{"text":"Article similaire","link":""},"img":{"alt_text":"","src":"https:\/\/i0.wp.com\/dodecaphonia.fr\/wp-content\/uploads\/2025\/03\/image.png?resize=350%2C200&ssl=1","width":350,"height":200,"srcset":"https:\/\/i0.wp.com\/dodecaphonia.fr\/wp-content\/uploads\/2025\/03\/image.png?resize=350%2C200&ssl=1 1x, https:\/\/i0.wp.com\/dodecaphonia.fr\/wp-content\/uploads\/2025\/03\/image.png?resize=525%2C300&ssl=1 1.5x, https:\/\/i0.wp.com\/dodecaphonia.fr\/wp-content\/uploads\/2025\/03\/image.png?resize=700%2C400&ssl=1 2x"},"classes":[]},{"id":3280,"url":"https:\/\/dodecaphonia.fr\/index.php\/rejoindre-le-choeur\/","url_meta":{"origin":3230,"position":1},"title":"Rejoindre le ch\u0153ur","author":"Pierre Brun","date":"27 mars 2026","format":false,"excerpt":"Notre ch\u0153ur accueille en son sein toute personne motiv\u00e9e et d\u00e9sireuse de s\u2019investir dans le chant. La cotisation annuelle est de 160 euros (260 euros pour un couple) Les r\u00e9p\u00e9titions hebdomadaires ont lieu de 20 heures \u00e0 22 heures 30, le jeudi sous la direction de Vincent de Meester.Elles d\u00e9butent\u2026","rel":"","context":"Article similaire","block_context":{"text":"Article similaire","link":""},"img":{"alt_text":"","src":"","width":0,"height":0},"classes":[]},{"id":133,"url":"https:\/\/dodecaphonia.fr\/","url_meta":{"origin":3230,"position":2},"title":"Ensemble Dodecaphonia","author":"Pierre Brun","date":"25 juin 2017","format":false,"excerpt":"L\u2019ensemble Dodecaphonia est compos\u00e9 de choristes amateurs plac\u00e9s sous la direction de Vincent de Meester depuis janvier 2020. Notre r\u00e9pertoire est principalement baroque (Bach, Haendel, Purcell, Vivaldi, Charpentier, Sch\u00fctzt\u2026), mais nous n\u2019h\u00e9sitons pas faire quelques incursions plus contemporaines (Henri Marchand, Karl Jenkins, Martin Palmeri).Notre programme pour cette nouvelle saison 2025-2026\u2026","rel":"","context":"Article similaire","block_context":{"text":"Article similaire","link":""},"img":{"alt_text":"","src":"https:\/\/i0.wp.com\/dodecaphonia.fr\/wp-content\/uploads\/2026\/01\/HeTzigane.jpg?resize=350%2C200&ssl=1","width":350,"height":200,"srcset":"https:\/\/i0.wp.com\/dodecaphonia.fr\/wp-content\/uploads\/2026\/01\/HeTzigane.jpg?resize=350%2C200&ssl=1 1x, https:\/\/i0.wp.com\/dodecaphonia.fr\/wp-content\/uploads\/2026\/01\/HeTzigane.jpg?resize=525%2C300&ssl=1 1.5x, https:\/\/i0.wp.com\/dodecaphonia.fr\/wp-content\/uploads\/2026\/01\/HeTzigane.jpg?resize=700%2C400&ssl=1 2x, https:\/\/i0.wp.com\/dodecaphonia.fr\/wp-content\/uploads\/2026\/01\/HeTzigane.jpg?resize=1050%2C600&ssl=1 3x"},"classes":[]},{"id":3125,"url":"https:\/\/dodecaphonia.fr\/index.php\/espace-reserve-aux-choristes\/documentation\/tutoriels\/","url_meta":{"origin":3230,"position":3},"title":"Tutoriels","author":"Pierre Brun","date":"24 novembre 2025","format":false,"excerpt":"Pour travailler avec les fichiers MIDI, vous pouvez utiliser Melody Player, logiciel gratuit qui ne fonctionne que sur PC et Mac.Si vous voulez utiliser votre tablette ou votre smartphone, les logiciels gratuits MIDI File Player pour Android ou Sweet MIDI Player pour IOS pr\u00e9sentent les m\u00eames fonctionnalit\u00e9s que Melody Player\u2026","rel":"","context":"Article similaire","block_context":{"text":"Article similaire","link":""},"img":{"alt_text":"","src":"https:\/\/i0.wp.com\/dodecaphonia.fr\/wp-content\/uploads\/2025\/11\/Capture-decran-2025-11-25-093137.png?resize=350%2C200&ssl=1","width":350,"height":200,"srcset":"https:\/\/i0.wp.com\/dodecaphonia.fr\/wp-content\/uploads\/2025\/11\/Capture-decran-2025-11-25-093137.png?resize=350%2C200&ssl=1 1x, https:\/\/i0.wp.com\/dodecaphonia.fr\/wp-content\/uploads\/2025\/11\/Capture-decran-2025-11-25-093137.png?resize=525%2C300&ssl=1 1.5x"},"classes":[]},{"id":453,"url":"https:\/\/dodecaphonia.fr\/index.php\/politique-de-confidentialite\/","url_meta":{"origin":3230,"position":4},"title":"Politique de confidentialit\u00e9 et mentions l\u00e9gales","author":"Pierre Brun","date":"18 novembre 2025","format":false,"excerpt":"Qui sommes-nous\u00a0? Nous sommes le Ch\u0153ur Mixte de Dardilly (Dodecaphonia), association loi de 1901 dont le si\u00e8ge social est sis 1 place Bay\u00e8re \u00e0 Dardilly (69570). Num\u00e9ro immatriculation SIRET\u00a0:522 942 085 00013 Code APE (ou code NAF) 9001\/Z L\u2019adresse de notre site Web est : https:\/\/dodecaphonia.fr Christophe Elyn, Pr\u00e9sident de\u2026","rel":"","context":"Article similaire","block_context":{"text":"Article similaire","link":""},"img":{"alt_text":"","src":"","width":0,"height":0},"classes":[]},{"id":3122,"url":"https:\/\/dodecaphonia.fr\/index.php\/espace-reserve-aux-choristes\/documentation\/concert-charpentier-2025\/","url_meta":{"origin":3230,"position":5},"title":"Concert Charpentier 2025","author":"Pierre Brun","date":"24 novembre 2025","format":false,"excerpt":"Traductions Charpentier Traductions concert 2025T\u00e9l\u00e9charger Le programme du Malade Imaginaire ...avant la censure de Lully Partitions Carissimi et Brossard Jephte - PlorateT\u00e9l\u00e9charger Domine salvum fac regemT\u00e9l\u00e9charger Pourquoi prononcer le latin \u00e0 la fran\u00e7aise ? La r\u00e9ponse la plus simple que l\u2019on puisse donner est que le latin \u00e9tait prononc\u00e9 ainsi\u2026","rel":"","context":"Article similaire","block_context":{"text":"Article similaire","link":""},"img":{"alt_text":"","src":"https:\/\/i0.wp.com\/dodecaphonia.fr\/wp-content\/uploads\/2024\/10\/Gravure-charpentier-scaled.jpg?resize=350%2C200&ssl=1","width":350,"height":200,"srcset":"https:\/\/i0.wp.com\/dodecaphonia.fr\/wp-content\/uploads\/2024\/10\/Gravure-charpentier-scaled.jpg?resize=350%2C200&ssl=1 1x, https:\/\/i0.wp.com\/dodecaphonia.fr\/wp-content\/uploads\/2024\/10\/Gravure-charpentier-scaled.jpg?resize=525%2C300&ssl=1 1.5x, https:\/\/i0.wp.com\/dodecaphonia.fr\/wp-content\/uploads\/2024\/10\/Gravure-charpentier-scaled.jpg?resize=700%2C400&ssl=1 2x, https:\/\/i0.wp.com\/dodecaphonia.fr\/wp-content\/uploads\/2024\/10\/Gravure-charpentier-scaled.jpg?resize=1050%2C600&ssl=1 3x, https:\/\/i0.wp.com\/dodecaphonia.fr\/wp-content\/uploads\/2024\/10\/Gravure-charpentier-scaled.jpg?resize=1400%2C800&ssl=1 4x"},"classes":[]}],"post_mailing_queue_ids":[],"_links":{"self":[{"href":"https:\/\/dodecaphonia.fr\/index.php\/wp-json\/wp\/v2\/pages\/3230","targetHints":{"allow":["GET"]}}],"collection":[{"href":"https:\/\/dodecaphonia.fr\/index.php\/wp-json\/wp\/v2\/pages"}],"about":[{"href":"https:\/\/dodecaphonia.fr\/index.php\/wp-json\/wp\/v2\/types\/page"}],"author":[{"embeddable":true,"href":"https:\/\/dodecaphonia.fr\/index.php\/wp-json\/wp\/v2\/users\/2"}],"replies":[{"embeddable":true,"href":"https:\/\/dodecaphonia.fr\/index.php\/wp-json\/wp\/v2\/comments?post=3230"}],"version-history":[{"count":11,"href":"https:\/\/dodecaphonia.fr\/index.php\/wp-json\/wp\/v2\/pages\/3230\/revisions"}],"predecessor-version":[{"id":3268,"href":"https:\/\/dodecaphonia.fr\/index.php\/wp-json\/wp\/v2\/pages\/3230\/revisions\/3268"}],"wp:attachment":[{"href":"https:\/\/dodecaphonia.fr\/index.php\/wp-json\/wp\/v2\/media?parent=3230"}],"curies":[{"name":"wp","href":"https:\/\/api.w.org\/{rel}","templated":true}]}}