{"id":3223,"date":"2026-03-23T21:20:32","date_gmt":"2026-03-23T20:20:32","guid":{"rendered":"https:\/\/dodecaphonia.fr\/?page_id=3223"},"modified":"2026-03-24T17:32:19","modified_gmt":"2026-03-24T16:32:19","slug":"mai-2023","status":"publish","type":"page","link":"https:\/\/dodecaphonia.fr\/index.php\/espace-reserve-aux-choristes\/nos-concerts\/mai-2023\/","title":{"rendered":"Mai 2023"},"content":{"rendered":"","protected":true},"excerpt":{"rendered":"","protected":true},"author":2,"featured_media":0,"parent":3227,"menu_order":0,"comment_status":"closed","ping_status":"closed","template":"","meta":{"footnotes":""},"class_list":["post-3223","page","type-page","status-publish","post-password-required","hentry"],"jetpack_sharing_enabled":true,"jetpack_shortlink":"https:\/\/wp.me\/P9p1x4-PZ","jetpack_likes_enabled":false,"jetpack-related-posts":[{"id":3230,"url":"https:\/\/dodecaphonia.fr\/index.php\/qui-sommes-nous\/","url_meta":{"origin":3223,"position":0},"title":"Qui sommes nous ?","author":"Pierre Brun","date":"24 mars 2026","format":false,"excerpt":"Le Ch\u0153ur Mixte de Dardilly ou Ensemble Dodecaphonia est un ch\u0153ur reconnu, cr\u00e9\u00e9 par Henri Marchand qui l'a dirig\u00e9 pendant de nombreuses ann\u00e9es. Nous sommes sp\u00e9cialis\u00e9s dans la musique ancienne et\u00a0baroque, domaine de pr\u00e9dilection de notre ch\u0153ur, avec quelques incursions plus contemporaines. Notre ch\u0153ur accueille en son sein toute personne\u2026","rel":"","context":"Article similaire","block_context":{"text":"Article similaire","link":""},"img":{"alt_text":"","src":"https:\/\/i0.wp.com\/dodecaphonia.fr\/wp-content\/uploads\/2020\/09\/Vincent-de-Meester.jpg?resize=350%2C200&ssl=1","width":350,"height":200,"srcset":"https:\/\/i0.wp.com\/dodecaphonia.fr\/wp-content\/uploads\/2020\/09\/Vincent-de-Meester.jpg?resize=350%2C200&ssl=1 1x, https:\/\/i0.wp.com\/dodecaphonia.fr\/wp-content\/uploads\/2020\/09\/Vincent-de-Meester.jpg?resize=525%2C300&ssl=1 1.5x, https:\/\/i0.wp.com\/dodecaphonia.fr\/wp-content\/uploads\/2020\/09\/Vincent-de-Meester.jpg?resize=700%2C400&ssl=1 2x"},"classes":[]}],"post_mailing_queue_ids":[],"_links":{"self":[{"href":"https:\/\/dodecaphonia.fr\/index.php\/wp-json\/wp\/v2\/pages\/3223","targetHints":{"allow":["GET"]}}],"collection":[{"href":"https:\/\/dodecaphonia.fr\/index.php\/wp-json\/wp\/v2\/pages"}],"about":[{"href":"https:\/\/dodecaphonia.fr\/index.php\/wp-json\/wp\/v2\/types\/page"}],"author":[{"embeddable":true,"href":"https:\/\/dodecaphonia.fr\/index.php\/wp-json\/wp\/v2\/users\/2"}],"replies":[{"embeddable":true,"href":"https:\/\/dodecaphonia.fr\/index.php\/wp-json\/wp\/v2\/comments?post=3223"}],"version-history":[{"count":1,"href":"https:\/\/dodecaphonia.fr\/index.php\/wp-json\/wp\/v2\/pages\/3223\/revisions"}],"predecessor-version":[{"id":3224,"href":"https:\/\/dodecaphonia.fr\/index.php\/wp-json\/wp\/v2\/pages\/3223\/revisions\/3224"}],"up":[{"embeddable":true,"href":"https:\/\/dodecaphonia.fr\/index.php\/wp-json\/wp\/v2\/pages\/3227"}],"wp:attachment":[{"href":"https:\/\/dodecaphonia.fr\/index.php\/wp-json\/wp\/v2\/media?parent=3223"}],"curies":[{"name":"wp","href":"https:\/\/api.w.org\/{rel}","templated":true}]}}