{"id":3139,"date":"2025-11-24T10:26:21","date_gmt":"2025-11-24T09:26:21","guid":{"rendered":"https:\/\/dodecaphonia.fr\/?page_id=3139"},"modified":"2026-03-28T10:46:06","modified_gmt":"2026-03-28T09:46:06","slug":"documentation","status":"publish","type":"page","link":"https:\/\/dodecaphonia.fr\/index.php\/espace-reserve-aux-choristes\/documentation\/","title":{"rendered":"Travail musical"},"content":{"rendered":"","protected":true},"excerpt":{"rendered":"","protected":true},"author":2,"featured_media":0,"parent":2548,"menu_order":0,"comment_status":"closed","ping_status":"closed","template":"","meta":{"jetpack_post_was_ever_published":false,"footnotes":""},"class_list":["post-3139","page","type-page","status-publish","post-password-required","hentry"],"jetpack_sharing_enabled":true,"jetpack_shortlink":"https:\/\/wp.me\/P9p1x4-OD","jetpack_likes_enabled":false,"jetpack-related-posts":[{"id":3128,"url":"https:\/\/dodecaphonia.fr\/index.php\/espace-reserve-aux-choristes\/documentation\/miserere-de-hasse\/","url_meta":{"origin":3139,"position":0},"title":"Miserere de Hasse","author":"Pierre Brun","date":"24 novembre 2025","format":false,"excerpt":"A propos du Miserere de Hasse Le-Psaume-Miserere-WikisourceT\u00e9l\u00e9charger L'Extase de la bienheureuse Ludovica Albertoni\u00a0est une sculpture de\u00a0Gian Lorenzo Bernini, dit Le Bernin, r\u00e9alis\u00e9e en\u00a01674, conserv\u00e9e dans l'\u00e9glise San Francesco a Ripa, \u00e0\u00a0Rome.","rel":"","context":"Article similaire","block_context":{"text":"Article similaire","link":""},"img":{"alt_text":"","src":"https:\/\/i0.wp.com\/dodecaphonia.fr\/wp-content\/uploads\/2023\/02\/520px-Cappella_palluzzi-albertoni_di_giacomo_mola_1622-25_con_beata_ludovica_alberoni_di_bernini_1671-75_e_pala_del_baciccio_s._anna_e_la_vergine_05-1.jpg?resize=350%2C200&ssl=1","width":350,"height":200},"classes":[]},{"id":3122,"url":"https:\/\/dodecaphonia.fr\/index.php\/espace-reserve-aux-choristes\/documentation\/concert-charpentier-2025\/","url_meta":{"origin":3139,"position":1},"title":"Concert Charpentier 2025","author":"Pierre Brun","date":"24 novembre 2025","format":false,"excerpt":"Traductions Charpentier Traductions concert 2025T\u00e9l\u00e9charger Le programme du Malade Imaginaire ...avant la censure de Lully Partitions Carissimi et Brossard Jephte - PlorateT\u00e9l\u00e9charger Domine salvum fac regemT\u00e9l\u00e9charger Pourquoi prononcer le latin \u00e0 la fran\u00e7aise ? La r\u00e9ponse la plus simple que l\u2019on puisse donner est que le latin \u00e9tait prononc\u00e9 ainsi\u2026","rel":"","context":"Article similaire","block_context":{"text":"Article similaire","link":""},"img":{"alt_text":"","src":"https:\/\/i0.wp.com\/dodecaphonia.fr\/wp-content\/uploads\/2024\/10\/Gravure-charpentier-scaled.jpg?resize=350%2C200&ssl=1","width":350,"height":200,"srcset":"https:\/\/i0.wp.com\/dodecaphonia.fr\/wp-content\/uploads\/2024\/10\/Gravure-charpentier-scaled.jpg?resize=350%2C200&ssl=1 1x, https:\/\/i0.wp.com\/dodecaphonia.fr\/wp-content\/uploads\/2024\/10\/Gravure-charpentier-scaled.jpg?resize=525%2C300&ssl=1 1.5x, https:\/\/i0.wp.com\/dodecaphonia.fr\/wp-content\/uploads\/2024\/10\/Gravure-charpentier-scaled.jpg?resize=700%2C400&ssl=1 2x, https:\/\/i0.wp.com\/dodecaphonia.fr\/wp-content\/uploads\/2024\/10\/Gravure-charpentier-scaled.jpg?resize=1050%2C600&ssl=1 3x, https:\/\/i0.wp.com\/dodecaphonia.fr\/wp-content\/uploads\/2024\/10\/Gravure-charpentier-scaled.jpg?resize=1400%2C800&ssl=1 4x"},"classes":[]},{"id":3137,"url":"https:\/\/dodecaphonia.fr\/index.php\/espace-reserve-aux-choristes\/documentation\/buxtehude\/","url_meta":{"origin":3139,"position":2},"title":"Buxtehude","author":"Pierre Brun","date":"24 novembre 2025","format":false,"excerpt":"Buxtehude Cantate BuxWV15 Pourquoi les erreurs dans la cantate de\u00a0 Buxtehude sont elles si nombreuses?Parce que le seul manuscrit ressemble \u00e0 \u00e7a!C\u2019est l\u2019\u00e9criture en tablature des luthistes! Partition de la cantate de Buxtehude : http:\/\/dodecaphonia.fr\/wp-content\/uploads\/2021\/09\/Cantate-BuxWV15.pdf","rel":"","context":"Article similaire","block_context":{"text":"Article similaire","link":""},"img":{"alt_text":"","src":"https:\/\/i0.wp.com\/dodecaphonia.fr\/wp-content\/uploads\/2022\/02\/IMSLP387575-PMLP627055-Buxtehude_-_Der_Herr_ist_mit_mir_-_tab_score-2-1.jpg?resize=350%2C200&ssl=1","width":350,"height":200,"srcset":"https:\/\/i0.wp.com\/dodecaphonia.fr\/wp-content\/uploads\/2022\/02\/IMSLP387575-PMLP627055-Buxtehude_-_Der_Herr_ist_mit_mir_-_tab_score-2-1.jpg?resize=350%2C200&ssl=1 1x, https:\/\/i0.wp.com\/dodecaphonia.fr\/wp-content\/uploads\/2022\/02\/IMSLP387575-PMLP627055-Buxtehude_-_Der_Herr_ist_mit_mir_-_tab_score-2-1.jpg?resize=525%2C300&ssl=1 1.5x, https:\/\/i0.wp.com\/dodecaphonia.fr\/wp-content\/uploads\/2022\/02\/IMSLP387575-PMLP627055-Buxtehude_-_Der_Herr_ist_mit_mir_-_tab_score-2-1.jpg?resize=700%2C400&ssl=1 2x, https:\/\/i0.wp.com\/dodecaphonia.fr\/wp-content\/uploads\/2022\/02\/IMSLP387575-PMLP627055-Buxtehude_-_Der_Herr_ist_mit_mir_-_tab_score-2-1.jpg?resize=1050%2C600&ssl=1 3x"},"classes":[]},{"id":3125,"url":"https:\/\/dodecaphonia.fr\/index.php\/espace-reserve-aux-choristes\/documentation\/tutoriels\/","url_meta":{"origin":3139,"position":3},"title":"Tutoriels","author":"Pierre Brun","date":"24 novembre 2025","format":false,"excerpt":"Pour travailler avec les fichiers MIDI, vous pouvez utiliser Melody Player, logiciel gratuit qui ne fonctionne que sur PC et Mac.Si vous voulez utiliser votre tablette ou votre smartphone, les logiciels gratuits MIDI File Player pour Android ou Sweet MIDI Player pour IOS pr\u00e9sentent les m\u00eames fonctionnalit\u00e9s que Melody Player\u2026","rel":"","context":"Article similaire","block_context":{"text":"Article similaire","link":""},"img":{"alt_text":"","src":"https:\/\/i0.wp.com\/dodecaphonia.fr\/wp-content\/uploads\/2025\/11\/Capture-decran-2025-11-25-093137.png?resize=350%2C200&ssl=1","width":350,"height":200,"srcset":"https:\/\/i0.wp.com\/dodecaphonia.fr\/wp-content\/uploads\/2025\/11\/Capture-decran-2025-11-25-093137.png?resize=350%2C200&ssl=1 1x, https:\/\/i0.wp.com\/dodecaphonia.fr\/wp-content\/uploads\/2025\/11\/Capture-decran-2025-11-25-093137.png?resize=525%2C300&ssl=1 1.5x"},"classes":[]},{"id":133,"url":"https:\/\/dodecaphonia.fr\/","url_meta":{"origin":3139,"position":4},"title":"Ensemble Dodecaphonia","author":"Pierre Brun","date":"25 juin 2017","format":false,"excerpt":"L\u2019ensemble Dodecaphonia est compos\u00e9 de choristes amateurs plac\u00e9s sous la direction de Vincent de Meester depuis janvier 2020. Notre r\u00e9pertoire est principalement baroque (Bach, Haendel, Purcell, Vivaldi, Charpentier, Sch\u00fctzt\u2026), mais nous n\u2019h\u00e9sitons pas faire quelques incursions plus contemporaines (Henri Marchand, Karl Jenkins, Martin Palmeri).Notre programme pour cette nouvelle saison 2025-2026\u2026","rel":"","context":"Article similaire","block_context":{"text":"Article similaire","link":""},"img":{"alt_text":"","src":"https:\/\/i0.wp.com\/dodecaphonia.fr\/wp-content\/uploads\/2026\/01\/HeTzigane.jpg?resize=350%2C200&ssl=1","width":350,"height":200,"srcset":"https:\/\/i0.wp.com\/dodecaphonia.fr\/wp-content\/uploads\/2026\/01\/HeTzigane.jpg?resize=350%2C200&ssl=1 1x, https:\/\/i0.wp.com\/dodecaphonia.fr\/wp-content\/uploads\/2026\/01\/HeTzigane.jpg?resize=525%2C300&ssl=1 1.5x, https:\/\/i0.wp.com\/dodecaphonia.fr\/wp-content\/uploads\/2026\/01\/HeTzigane.jpg?resize=700%2C400&ssl=1 2x, https:\/\/i0.wp.com\/dodecaphonia.fr\/wp-content\/uploads\/2026\/01\/HeTzigane.jpg?resize=1050%2C600&ssl=1 3x"},"classes":[]},{"id":116,"url":"https:\/\/dodecaphonia.fr\/index.php\/le-repertoire\/","url_meta":{"origin":3139,"position":5},"title":"Le r\u00e9pertoire","author":"Pierre Brun","date":"25 juin 2017","format":false,"excerpt":"Vous trouverez ci-dessous l'historique de nos programmes et les affiches de nos concerts pass\u00e9s Nos concerts Mars 2026 - Concert Tzigane Le ch\u0153ur Dodecaphonia vous invite \u00e0 un apr\u00e8s-midi tzigane, autour d\u2019un programme inspir\u00e9 des traditions populaires.Le concert r\u00e9unit des \u0153uvres de Brahms, Jan\u00e1\u010dek et Schumann, dans des pages pour\u2026","rel":"","context":"Article similaire","block_context":{"text":"Article similaire","link":""},"img":{"alt_text":"","src":"https:\/\/i0.wp.com\/dodecaphonia.fr\/wp-content\/uploads\/2025\/03\/image.png?resize=350%2C200&ssl=1","width":350,"height":200,"srcset":"https:\/\/i0.wp.com\/dodecaphonia.fr\/wp-content\/uploads\/2025\/03\/image.png?resize=350%2C200&ssl=1 1x, https:\/\/i0.wp.com\/dodecaphonia.fr\/wp-content\/uploads\/2025\/03\/image.png?resize=525%2C300&ssl=1 1.5x, https:\/\/i0.wp.com\/dodecaphonia.fr\/wp-content\/uploads\/2025\/03\/image.png?resize=700%2C400&ssl=1 2x"},"classes":[]}],"post_mailing_queue_ids":[],"_links":{"self":[{"href":"https:\/\/dodecaphonia.fr\/index.php\/wp-json\/wp\/v2\/pages\/3139","targetHints":{"allow":["GET"]}}],"collection":[{"href":"https:\/\/dodecaphonia.fr\/index.php\/wp-json\/wp\/v2\/pages"}],"about":[{"href":"https:\/\/dodecaphonia.fr\/index.php\/wp-json\/wp\/v2\/types\/page"}],"author":[{"embeddable":true,"href":"https:\/\/dodecaphonia.fr\/index.php\/wp-json\/wp\/v2\/users\/2"}],"replies":[{"embeddable":true,"href":"https:\/\/dodecaphonia.fr\/index.php\/wp-json\/wp\/v2\/comments?post=3139"}],"version-history":[{"count":5,"href":"https:\/\/dodecaphonia.fr\/index.php\/wp-json\/wp\/v2\/pages\/3139\/revisions"}],"predecessor-version":[{"id":3297,"href":"https:\/\/dodecaphonia.fr\/index.php\/wp-json\/wp\/v2\/pages\/3139\/revisions\/3297"}],"up":[{"embeddable":true,"href":"https:\/\/dodecaphonia.fr\/index.php\/wp-json\/wp\/v2\/pages\/2548"}],"wp:attachment":[{"href":"https:\/\/dodecaphonia.fr\/index.php\/wp-json\/wp\/v2\/media?parent=3139"}],"curies":[{"name":"wp","href":"https:\/\/api.w.org\/{rel}","templated":true}]}}