{"id":2872,"date":"2025-06-30T06:22:43","date_gmt":"2025-06-30T04:22:43","guid":{"rendered":"https:\/\/dodecaphonia.fr\/?page_id=2872"},"modified":"2026-03-24T17:29:48","modified_gmt":"2026-03-24T16:29:48","slug":"22-mai-2025","status":"publish","type":"page","link":"https:\/\/dodecaphonia.fr\/index.php\/espace-reserve-aux-choristes\/nos-concerts\/22-mai-2025\/","title":{"rendered":"22 mai 2025"},"content":{"rendered":"","protected":true},"excerpt":{"rendered":"","protected":true},"author":2,"featured_media":0,"parent":3227,"menu_order":0,"comment_status":"closed","ping_status":"closed","template":"","meta":{"jetpack_post_was_ever_published":false,"footnotes":""},"class_list":["post-2872","page","type-page","status-publish","post-password-required","hentry"],"jetpack_sharing_enabled":true,"jetpack_shortlink":"https:\/\/wp.me\/P9p1x4-Kk","jetpack_likes_enabled":false,"jetpack-related-posts":[{"id":3280,"url":"https:\/\/dodecaphonia.fr\/index.php\/rejoindre-le-choeur\/","url_meta":{"origin":2872,"position":0},"title":"Rejoindre le ch\u0153ur","author":"Pierre Brun","date":"27 mars 2026","format":false,"excerpt":"Notre ch\u0153ur accueille en son sein toute personne motiv\u00e9e et d\u00e9sireuse de s\u2019investir dans le chant. La cotisation annuelle est de 160 euros (260 euros pour un couple) Les r\u00e9p\u00e9titions hebdomadaires ont lieu de 20 heures \u00e0 22 heures 30, le jeudi sous la direction de Vincent de Meester.Elles d\u00e9butent\u2026","rel":"","context":"Article similaire","block_context":{"text":"Article similaire","link":""},"img":{"alt_text":"","src":"","width":0,"height":0},"classes":[]},{"id":3230,"url":"https:\/\/dodecaphonia.fr\/index.php\/qui-sommes-nous\/","url_meta":{"origin":2872,"position":1},"title":"Qui sommes nous ?","author":"Pierre Brun","date":"24 mars 2026","format":false,"excerpt":"Le Ch\u0153ur Mixte de Dardilly ou Ensemble Dodecaphonia est un ch\u0153ur reconnu, cr\u00e9\u00e9 par Henri Marchand qui l'a dirig\u00e9 pendant de nombreuses ann\u00e9es. Nous sommes sp\u00e9cialis\u00e9s dans la musique ancienne et\u00a0baroque, domaine de pr\u00e9dilection de notre ch\u0153ur, avec quelques incursions plus contemporaines. Notre ch\u0153ur accueille en son sein toute personne\u2026","rel":"","context":"Article similaire","block_context":{"text":"Article similaire","link":""},"img":{"alt_text":"","src":"https:\/\/i0.wp.com\/dodecaphonia.fr\/wp-content\/uploads\/2020\/09\/Vincent-de-Meester.jpg?resize=350%2C200&ssl=1","width":350,"height":200,"srcset":"https:\/\/i0.wp.com\/dodecaphonia.fr\/wp-content\/uploads\/2020\/09\/Vincent-de-Meester.jpg?resize=350%2C200&ssl=1 1x, https:\/\/i0.wp.com\/dodecaphonia.fr\/wp-content\/uploads\/2020\/09\/Vincent-de-Meester.jpg?resize=525%2C300&ssl=1 1.5x, https:\/\/i0.wp.com\/dodecaphonia.fr\/wp-content\/uploads\/2020\/09\/Vincent-de-Meester.jpg?resize=700%2C400&ssl=1 2x"},"classes":[]},{"id":116,"url":"https:\/\/dodecaphonia.fr\/index.php\/le-repertoire\/","url_meta":{"origin":2872,"position":2},"title":"Le r\u00e9pertoire","author":"Pierre Brun","date":"25 juin 2017","format":false,"excerpt":"Vous trouverez ci-dessous l'historique de nos programmes et les affiches de nos concerts pass\u00e9s Nos concerts Mars 2026 - Concert Tzigane Le ch\u0153ur Dodecaphonia vous invite \u00e0 un apr\u00e8s-midi tzigane, autour d\u2019un programme inspir\u00e9 des traditions populaires.Le concert r\u00e9unit des \u0153uvres de Brahms, Jan\u00e1\u010dek et Schumann, dans des pages pour\u2026","rel":"","context":"Article similaire","block_context":{"text":"Article similaire","link":""},"img":{"alt_text":"","src":"https:\/\/i0.wp.com\/dodecaphonia.fr\/wp-content\/uploads\/2025\/03\/image.png?resize=350%2C200&ssl=1","width":350,"height":200,"srcset":"https:\/\/i0.wp.com\/dodecaphonia.fr\/wp-content\/uploads\/2025\/03\/image.png?resize=350%2C200&ssl=1 1x, https:\/\/i0.wp.com\/dodecaphonia.fr\/wp-content\/uploads\/2025\/03\/image.png?resize=525%2C300&ssl=1 1.5x, https:\/\/i0.wp.com\/dodecaphonia.fr\/wp-content\/uploads\/2025\/03\/image.png?resize=700%2C400&ssl=1 2x"},"classes":[]}],"post_mailing_queue_ids":[],"_links":{"self":[{"href":"https:\/\/dodecaphonia.fr\/index.php\/wp-json\/wp\/v2\/pages\/2872","targetHints":{"allow":["GET"]}}],"collection":[{"href":"https:\/\/dodecaphonia.fr\/index.php\/wp-json\/wp\/v2\/pages"}],"about":[{"href":"https:\/\/dodecaphonia.fr\/index.php\/wp-json\/wp\/v2\/types\/page"}],"author":[{"embeddable":true,"href":"https:\/\/dodecaphonia.fr\/index.php\/wp-json\/wp\/v2\/users\/2"}],"replies":[{"embeddable":true,"href":"https:\/\/dodecaphonia.fr\/index.php\/wp-json\/wp\/v2\/comments?post=2872"}],"version-history":[{"count":3,"href":"https:\/\/dodecaphonia.fr\/index.php\/wp-json\/wp\/v2\/pages\/2872\/revisions"}],"predecessor-version":[{"id":2892,"href":"https:\/\/dodecaphonia.fr\/index.php\/wp-json\/wp\/v2\/pages\/2872\/revisions\/2892"}],"up":[{"embeddable":true,"href":"https:\/\/dodecaphonia.fr\/index.php\/wp-json\/wp\/v2\/pages\/3227"}],"wp:attachment":[{"href":"https:\/\/dodecaphonia.fr\/index.php\/wp-json\/wp\/v2\/media?parent=2872"}],"curies":[{"name":"wp","href":"https:\/\/api.w.org\/{rel}","templated":true}]}}