{"id":2559,"date":"2024-05-31T15:43:21","date_gmt":"2024-05-31T13:43:21","guid":{"rendered":"https:\/\/dodecaphonia.fr\/?page_id=2559"},"modified":"2026-03-24T16:32:14","modified_gmt":"2026-03-24T15:32:14","slug":"assemblees-generales-et-autres-comptes-rendus","status":"publish","type":"page","link":"https:\/\/dodecaphonia.fr\/index.php\/espace-reserve-aux-choristes\/assemblees-generales-et-autres-comptes-rendus\/","title":{"rendered":"Vie de l&rsquo;association"},"content":{"rendered":"","protected":true},"excerpt":{"rendered":"","protected":true},"author":2,"featured_media":0,"parent":2548,"menu_order":0,"comment_status":"closed","ping_status":"closed","template":"","meta":{"footnotes":""},"class_list":["post-2559","page","type-page","status-publish","post-password-required","hentry"],"jetpack_sharing_enabled":true,"jetpack_shortlink":"https:\/\/wp.me\/P9p1x4-Fh","jetpack_likes_enabled":false,"jetpack-related-posts":[{"id":453,"url":"https:\/\/dodecaphonia.fr\/index.php\/politique-de-confidentialite\/","url_meta":{"origin":2559,"position":0},"title":"Politique de confidentialit\u00e9 et mentions l\u00e9gales","author":"Pierre Brun","date":"18 novembre 2025","format":false,"excerpt":"Qui sommes-nous\u00a0? Nous sommes le Ch\u0153ur Mixte de Dardilly (Dodecaphonia), association loi de 1901 dont le si\u00e8ge social est sis 1 place Bay\u00e8re \u00e0 Dardilly (69570). Num\u00e9ro immatriculation SIRET\u00a0:522 942 085 00013 Code APE (ou code NAF) 9001\/Z L\u2019adresse de notre site Web est : https:\/\/dodecaphonia.fr Christophe Elyn, Pr\u00e9sident de\u2026","rel":"","context":"Article similaire","block_context":{"text":"Article similaire","link":""},"img":{"alt_text":"","src":"","width":0,"height":0},"classes":[]}],"post_mailing_queue_ids":[],"_links":{"self":[{"href":"https:\/\/dodecaphonia.fr\/index.php\/wp-json\/wp\/v2\/pages\/2559","targetHints":{"allow":["GET"]}}],"collection":[{"href":"https:\/\/dodecaphonia.fr\/index.php\/wp-json\/wp\/v2\/pages"}],"about":[{"href":"https:\/\/dodecaphonia.fr\/index.php\/wp-json\/wp\/v2\/types\/page"}],"author":[{"embeddable":true,"href":"https:\/\/dodecaphonia.fr\/index.php\/wp-json\/wp\/v2\/users\/2"}],"replies":[{"embeddable":true,"href":"https:\/\/dodecaphonia.fr\/index.php\/wp-json\/wp\/v2\/comments?post=2559"}],"version-history":[{"count":7,"href":"https:\/\/dodecaphonia.fr\/index.php\/wp-json\/wp\/v2\/pages\/2559\/revisions"}],"predecessor-version":[{"id":3250,"href":"https:\/\/dodecaphonia.fr\/index.php\/wp-json\/wp\/v2\/pages\/2559\/revisions\/3250"}],"up":[{"embeddable":true,"href":"https:\/\/dodecaphonia.fr\/index.php\/wp-json\/wp\/v2\/pages\/2548"}],"wp:attachment":[{"href":"https:\/\/dodecaphonia.fr\/index.php\/wp-json\/wp\/v2\/media?parent=2559"}],"curies":[{"name":"wp","href":"https:\/\/api.w.org\/{rel}","templated":true}]}}