{"id":2555,"date":"2024-05-31T15:18:54","date_gmt":"2024-05-31T13:18:54","guid":{"rendered":"https:\/\/dodecaphonia.fr\/?page_id=2555"},"modified":"2025-11-20T18:48:49","modified_gmt":"2025-11-20T17:48:49","slug":"statuts-et-reglement-interieur","status":"publish","type":"page","link":"https:\/\/dodecaphonia.fr\/index.php\/espace-reserve-aux-choristes\/statuts-et-reglement-interieur\/","title":{"rendered":"Statuts et r\u00e9glement int\u00e9rieur"},"content":{"rendered":"","protected":true},"excerpt":{"rendered":"","protected":true},"author":2,"featured_media":0,"parent":2548,"menu_order":0,"comment_status":"closed","ping_status":"closed","template":"","meta":{"jetpack_post_was_ever_published":false,"footnotes":""},"class_list":["post-2555","page","type-page","status-publish","post-password-required","hentry"],"jetpack_sharing_enabled":true,"jetpack_shortlink":"https:\/\/wp.me\/P9p1x4-Fd","jetpack_likes_enabled":false,"jetpack-related-posts":[{"id":3122,"url":"https:\/\/dodecaphonia.fr\/index.php\/espace-reserve-aux-choristes\/documentation\/concert-charpentier-2025\/","url_meta":{"origin":2555,"position":0},"title":"Concert Charpentier 2025","author":"Pierre Brun","date":"24 novembre 2025","format":false,"excerpt":"Traductions Charpentier Traductions concert 2025T\u00e9l\u00e9charger Le programme du Malade Imaginaire ...avant la censure de Lully Partitions Carissimi et Brossard Jephte - PlorateT\u00e9l\u00e9charger Domine salvum fac regemT\u00e9l\u00e9charger Pourquoi prononcer le latin \u00e0 la fran\u00e7aise ? La r\u00e9ponse la plus simple que l\u2019on puisse donner est que le latin \u00e9tait prononc\u00e9 ainsi\u2026","rel":"","context":"Article similaire","block_context":{"text":"Article similaire","link":""},"img":{"alt_text":"","src":"https:\/\/i0.wp.com\/dodecaphonia.fr\/wp-content\/uploads\/2024\/10\/Gravure-charpentier-scaled.jpg?resize=350%2C200&ssl=1","width":350,"height":200,"srcset":"https:\/\/i0.wp.com\/dodecaphonia.fr\/wp-content\/uploads\/2024\/10\/Gravure-charpentier-scaled.jpg?resize=350%2C200&ssl=1 1x, https:\/\/i0.wp.com\/dodecaphonia.fr\/wp-content\/uploads\/2024\/10\/Gravure-charpentier-scaled.jpg?resize=525%2C300&ssl=1 1.5x, https:\/\/i0.wp.com\/dodecaphonia.fr\/wp-content\/uploads\/2024\/10\/Gravure-charpentier-scaled.jpg?resize=700%2C400&ssl=1 2x, https:\/\/i0.wp.com\/dodecaphonia.fr\/wp-content\/uploads\/2024\/10\/Gravure-charpentier-scaled.jpg?resize=1050%2C600&ssl=1 3x, https:\/\/i0.wp.com\/dodecaphonia.fr\/wp-content\/uploads\/2024\/10\/Gravure-charpentier-scaled.jpg?resize=1400%2C800&ssl=1 4x"},"classes":[]}],"post_mailing_queue_ids":[],"_links":{"self":[{"href":"https:\/\/dodecaphonia.fr\/index.php\/wp-json\/wp\/v2\/pages\/2555","targetHints":{"allow":["GET"]}}],"collection":[{"href":"https:\/\/dodecaphonia.fr\/index.php\/wp-json\/wp\/v2\/pages"}],"about":[{"href":"https:\/\/dodecaphonia.fr\/index.php\/wp-json\/wp\/v2\/types\/page"}],"author":[{"embeddable":true,"href":"https:\/\/dodecaphonia.fr\/index.php\/wp-json\/wp\/v2\/users\/2"}],"replies":[{"embeddable":true,"href":"https:\/\/dodecaphonia.fr\/index.php\/wp-json\/wp\/v2\/comments?post=2555"}],"version-history":[{"count":5,"href":"https:\/\/dodecaphonia.fr\/index.php\/wp-json\/wp\/v2\/pages\/2555\/revisions"}],"predecessor-version":[{"id":3116,"href":"https:\/\/dodecaphonia.fr\/index.php\/wp-json\/wp\/v2\/pages\/2555\/revisions\/3116"}],"up":[{"embeddable":true,"href":"https:\/\/dodecaphonia.fr\/index.php\/wp-json\/wp\/v2\/pages\/2548"}],"wp:attachment":[{"href":"https:\/\/dodecaphonia.fr\/index.php\/wp-json\/wp\/v2\/media?parent=2555"}],"curies":[{"name":"wp","href":"https:\/\/api.w.org\/{rel}","templated":true}]}}