{"id":2548,"date":"2024-05-31T15:17:53","date_gmt":"2024-05-31T13:17:53","guid":{"rendered":"https:\/\/dodecaphonia.fr\/?page_id=2548"},"modified":"2026-03-28T10:48:05","modified_gmt":"2026-03-28T09:48:05","slug":"espace-reserve-aux-choristes","status":"publish","type":"page","link":"https:\/\/dodecaphonia.fr\/index.php\/espace-reserve-aux-choristes\/","title":{"rendered":"Espace r\u00e9serv\u00e9 aux choristes"},"content":{"rendered":"","protected":true},"excerpt":{"rendered":"","protected":true},"author":2,"featured_media":0,"parent":0,"menu_order":0,"comment_status":"closed","ping_status":"closed","template":"","meta":{"jetpack_post_was_ever_published":false,"footnotes":""},"class_list":["post-2548","page","type-page","status-publish","post-password-required","hentry"],"jetpack_sharing_enabled":true,"jetpack_shortlink":"https:\/\/wp.me\/P9p1x4-F6","jetpack_likes_enabled":false,"jetpack-related-posts":[{"id":3125,"url":"https:\/\/dodecaphonia.fr\/index.php\/espace-reserve-aux-choristes\/documentation\/tutoriels\/","url_meta":{"origin":2548,"position":0},"title":"Tutoriels","author":"Pierre Brun","date":"24 novembre 2025","format":false,"excerpt":"Pour travailler avec les fichiers MIDI, vous pouvez utiliser Melody Player, logiciel gratuit qui ne fonctionne que sur PC et Mac.Si vous voulez utiliser votre tablette ou votre smartphone, les logiciels gratuits MIDI File Player pour Android ou Sweet MIDI Player pour IOS pr\u00e9sentent les m\u00eames fonctionnalit\u00e9s que Melody Player\u2026","rel":"","context":"Article similaire","block_context":{"text":"Article similaire","link":""},"img":{"alt_text":"","src":"https:\/\/i0.wp.com\/dodecaphonia.fr\/wp-content\/uploads\/2025\/11\/Capture-decran-2025-11-25-093137.png?resize=350%2C200&ssl=1","width":350,"height":200,"srcset":"https:\/\/i0.wp.com\/dodecaphonia.fr\/wp-content\/uploads\/2025\/11\/Capture-decran-2025-11-25-093137.png?resize=350%2C200&ssl=1 1x, https:\/\/i0.wp.com\/dodecaphonia.fr\/wp-content\/uploads\/2025\/11\/Capture-decran-2025-11-25-093137.png?resize=525%2C300&ssl=1 1.5x"},"classes":[]},{"id":3280,"url":"https:\/\/dodecaphonia.fr\/index.php\/rejoindre-le-choeur\/","url_meta":{"origin":2548,"position":1},"title":"Rejoindre le ch\u0153ur","author":"Pierre Brun","date":"27 mars 2026","format":false,"excerpt":"Notre ch\u0153ur accueille en son sein toute personne motiv\u00e9e et d\u00e9sireuse de s\u2019investir dans le chant. La cotisation annuelle est de 160 euros (260 euros pour un couple) Les r\u00e9p\u00e9titions hebdomadaires ont lieu de 20 heures \u00e0 22 heures 30, le jeudi sous la direction de Vincent de Meester.Elles d\u00e9butent\u2026","rel":"","context":"Article similaire","block_context":{"text":"Article similaire","link":""},"img":{"alt_text":"","src":"","width":0,"height":0},"classes":[]},{"id":116,"url":"https:\/\/dodecaphonia.fr\/index.php\/le-repertoire\/","url_meta":{"origin":2548,"position":2},"title":"Le r\u00e9pertoire","author":"admin3792","date":"25 juin 2017","format":false,"excerpt":"Vous trouverez ci-dessous l'historique de nos programmes et les affiches de nos concerts pass\u00e9s Nos concerts Mars 2026 - Concert Tzigane Le ch\u0153ur Dodecaphonia vous invite \u00e0 un apr\u00e8s-midi tzigane, autour d\u2019un programme inspir\u00e9 des traditions populaires.Le concert r\u00e9unit des \u0153uvres de Brahms, Jan\u00e1\u010dek et Schumann, dans des pages pour\u2026","rel":"","context":"Article similaire","block_context":{"text":"Article similaire","link":""},"img":{"alt_text":"","src":"https:\/\/i0.wp.com\/dodecaphonia.fr\/wp-content\/uploads\/2025\/03\/image.png?resize=350%2C200&ssl=1","width":350,"height":200,"srcset":"https:\/\/i0.wp.com\/dodecaphonia.fr\/wp-content\/uploads\/2025\/03\/image.png?resize=350%2C200&ssl=1 1x, https:\/\/i0.wp.com\/dodecaphonia.fr\/wp-content\/uploads\/2025\/03\/image.png?resize=525%2C300&ssl=1 1.5x, https:\/\/i0.wp.com\/dodecaphonia.fr\/wp-content\/uploads\/2025\/03\/image.png?resize=700%2C400&ssl=1 2x"},"classes":[]},{"id":133,"url":"https:\/\/dodecaphonia.fr\/","url_meta":{"origin":2548,"position":3},"title":"Ensemble Dodecaphonia","author":"admin3792","date":"25 juin 2017","format":false,"excerpt":"L\u2019ensemble Dodecaphonia est compos\u00e9 de choristes amateurs plac\u00e9s sous la direction de Vincent de Meester depuis janvier 2020. Notre r\u00e9pertoire est principalement baroque (Bach, Haendel, Purcell, Vivaldi, Charpentier, Sch\u00fctzt\u2026), mais nous n\u2019h\u00e9sitons pas faire quelques incursions plus contemporaines (Henri Marchand, Karl Jenkins, Martin Palmeri).Notre programme pour cette nouvelle saison 2025-2026\u2026","rel":"","context":"Article similaire","block_context":{"text":"Article similaire","link":""},"img":{"alt_text":"","src":"https:\/\/i0.wp.com\/dodecaphonia.fr\/wp-content\/uploads\/2026\/01\/HeTzigane.jpg?resize=350%2C200&ssl=1","width":350,"height":200,"srcset":"https:\/\/i0.wp.com\/dodecaphonia.fr\/wp-content\/uploads\/2026\/01\/HeTzigane.jpg?resize=350%2C200&ssl=1 1x, https:\/\/i0.wp.com\/dodecaphonia.fr\/wp-content\/uploads\/2026\/01\/HeTzigane.jpg?resize=525%2C300&ssl=1 1.5x, https:\/\/i0.wp.com\/dodecaphonia.fr\/wp-content\/uploads\/2026\/01\/HeTzigane.jpg?resize=700%2C400&ssl=1 2x, https:\/\/i0.wp.com\/dodecaphonia.fr\/wp-content\/uploads\/2026\/01\/HeTzigane.jpg?resize=1050%2C600&ssl=1 3x"},"classes":[]},{"id":3230,"url":"https:\/\/dodecaphonia.fr\/index.php\/qui-sommes-nous\/","url_meta":{"origin":2548,"position":4},"title":"Qui sommes nous ?","author":"Pierre Brun","date":"24 mars 2026","format":false,"excerpt":"Le Ch\u0153ur Mixte de Dardilly ou Ensemble Dodecaphonia est un ch\u0153ur reconnu, cr\u00e9\u00e9 par Henri Marchand qui l'a dirig\u00e9 pendant de nombreuses ann\u00e9es. Nous sommes sp\u00e9cialis\u00e9s dans la musique ancienne et\u00a0baroque, domaine de pr\u00e9dilection de notre ch\u0153ur, avec quelques incursions plus contemporaines. Notre ch\u0153ur accueille en son sein toute personne\u2026","rel":"","context":"Article similaire","block_context":{"text":"Article similaire","link":""},"img":{"alt_text":"","src":"https:\/\/i0.wp.com\/dodecaphonia.fr\/wp-content\/uploads\/2020\/09\/Vincent-de-Meester.jpg?resize=350%2C200&ssl=1","width":350,"height":200,"srcset":"https:\/\/i0.wp.com\/dodecaphonia.fr\/wp-content\/uploads\/2020\/09\/Vincent-de-Meester.jpg?resize=350%2C200&ssl=1 1x, https:\/\/i0.wp.com\/dodecaphonia.fr\/wp-content\/uploads\/2020\/09\/Vincent-de-Meester.jpg?resize=525%2C300&ssl=1 1.5x, https:\/\/i0.wp.com\/dodecaphonia.fr\/wp-content\/uploads\/2020\/09\/Vincent-de-Meester.jpg?resize=700%2C400&ssl=1 2x"},"classes":[]},{"id":3122,"url":"https:\/\/dodecaphonia.fr\/index.php\/espace-reserve-aux-choristes\/documentation\/concert-charpentier-2025\/","url_meta":{"origin":2548,"position":5},"title":"Concert Charpentier 2025","author":"Pierre Brun","date":"24 novembre 2025","format":false,"excerpt":"Traductions Charpentier Traductions concert 2025T\u00e9l\u00e9charger Le programme du Malade Imaginaire ...avant la censure de Lully Partitions Carissimi et Brossard Jephte - PlorateT\u00e9l\u00e9charger Domine salvum fac regemT\u00e9l\u00e9charger Pourquoi prononcer le latin \u00e0 la fran\u00e7aise ? La r\u00e9ponse la plus simple que l\u2019on puisse donner est que le latin \u00e9tait prononc\u00e9 ainsi\u2026","rel":"","context":"Article similaire","block_context":{"text":"Article similaire","link":""},"img":{"alt_text":"","src":"https:\/\/i0.wp.com\/dodecaphonia.fr\/wp-content\/uploads\/2024\/10\/Gravure-charpentier-scaled.jpg?resize=350%2C200&ssl=1","width":350,"height":200,"srcset":"https:\/\/i0.wp.com\/dodecaphonia.fr\/wp-content\/uploads\/2024\/10\/Gravure-charpentier-scaled.jpg?resize=350%2C200&ssl=1 1x, https:\/\/i0.wp.com\/dodecaphonia.fr\/wp-content\/uploads\/2024\/10\/Gravure-charpentier-scaled.jpg?resize=525%2C300&ssl=1 1.5x, https:\/\/i0.wp.com\/dodecaphonia.fr\/wp-content\/uploads\/2024\/10\/Gravure-charpentier-scaled.jpg?resize=700%2C400&ssl=1 2x, https:\/\/i0.wp.com\/dodecaphonia.fr\/wp-content\/uploads\/2024\/10\/Gravure-charpentier-scaled.jpg?resize=1050%2C600&ssl=1 3x, https:\/\/i0.wp.com\/dodecaphonia.fr\/wp-content\/uploads\/2024\/10\/Gravure-charpentier-scaled.jpg?resize=1400%2C800&ssl=1 4x"},"classes":[]}],"post_mailing_queue_ids":[],"_links":{"self":[{"href":"https:\/\/dodecaphonia.fr\/index.php\/wp-json\/wp\/v2\/pages\/2548","targetHints":{"allow":["GET"]}}],"collection":[{"href":"https:\/\/dodecaphonia.fr\/index.php\/wp-json\/wp\/v2\/pages"}],"about":[{"href":"https:\/\/dodecaphonia.fr\/index.php\/wp-json\/wp\/v2\/types\/page"}],"author":[{"embeddable":true,"href":"https:\/\/dodecaphonia.fr\/index.php\/wp-json\/wp\/v2\/users\/2"}],"replies":[{"embeddable":true,"href":"https:\/\/dodecaphonia.fr\/index.php\/wp-json\/wp\/v2\/comments?post=2548"}],"version-history":[{"count":6,"href":"https:\/\/dodecaphonia.fr\/index.php\/wp-json\/wp\/v2\/pages\/2548\/revisions"}],"predecessor-version":[{"id":3299,"href":"https:\/\/dodecaphonia.fr\/index.php\/wp-json\/wp\/v2\/pages\/2548\/revisions\/3299"}],"wp:attachment":[{"href":"https:\/\/dodecaphonia.fr\/index.php\/wp-json\/wp\/v2\/media?parent=2548"}],"curies":[{"name":"wp","href":"https:\/\/api.w.org\/{rel}","templated":true}]}}